{"id":28,"date":"2023-09-12T16:06:12","date_gmt":"2023-09-12T16:06:12","guid":{"rendered":"https:\/\/www.sertelcon.com\/?page_id=28"},"modified":"2023-09-13T14:21:34","modified_gmt":"2023-09-13T14:21:34","slug":"proteccion-de-datos-personales","status":"publish","type":"page","link":"https:\/\/www.sertelcon.com\/?page_id=28","title":{"rendered":"Protecci\u00f3n de Datos Personales"},"content":{"rendered":"\t\t<div data-elementor-type=\"wp-page\" data-elementor-id=\"28\" class=\"elementor elementor-28\" data-elementor-post-type=\"page\">\n\t\t\t\t\t\t<section class=\"elementor-section elementor-top-section elementor-element elementor-element-55f19c1 elementor-section-boxed elementor-section-height-default elementor-section-height-default\" data-id=\"55f19c1\" data-element_type=\"section\" data-e-type=\"section\" data-settings=\"{&quot;background_background&quot;:&quot;classic&quot;}\">\n\t\t\t\t\t\t<div class=\"elementor-container elementor-column-gap-default\">\n\t\t\t\t\t<div class=\"elementor-column elementor-col-100 elementor-top-column elementor-element elementor-element-6530b43\" data-id=\"6530b43\" data-element_type=\"column\" data-e-type=\"column\">\n\t\t\t<div class=\"elementor-widget-wrap elementor-element-populated\">\n\t\t\t\t\t\t<div class=\"elementor-element elementor-element-14e84e4 elementor-widget elementor-widget-spacer\" data-id=\"14e84e4\" data-element_type=\"widget\" data-e-type=\"widget\" data-widget_type=\"spacer.default\">\n\t\t\t\t<div class=\"elementor-widget-container\">\n\t\t\t\t\t\t\t<div class=\"elementor-spacer\">\n\t\t\t<div class=\"elementor-spacer-inner\"><\/div>\n\t\t<\/div>\n\t\t\t\t\t\t<\/div>\n\t\t\t\t<\/div>\n\t\t\t\t<div class=\"elementor-element elementor-element-4f18607 elementor-widget elementor-widget-heading\" data-id=\"4f18607\" data-element_type=\"widget\" data-e-type=\"widget\" data-widget_type=\"heading.default\">\n\t\t\t\t<div class=\"elementor-widget-container\">\n\t\t\t\t\t<h2 class=\"elementor-heading-title elementor-size-default\">PROTECCI\u00d3N DE DATOS PERSONALES<\/h2>\t\t\t\t<\/div>\n\t\t\t\t<\/div>\n\t\t\t\t\t<\/div>\n\t\t<\/div>\n\t\t\t\t\t<\/div>\n\t\t<\/section>\n\t\t\t\t<section class=\"elementor-section elementor-top-section elementor-element elementor-element-3c12788 elementor-section-boxed elementor-section-height-default elementor-section-height-default\" data-id=\"3c12788\" data-element_type=\"section\" data-e-type=\"section\">\n\t\t\t\t\t\t<div class=\"elementor-container elementor-column-gap-default\">\n\t\t\t\t\t<div class=\"elementor-column elementor-col-100 elementor-top-column elementor-element elementor-element-1806c4a\" data-id=\"1806c4a\" data-element_type=\"column\" data-e-type=\"column\">\n\t\t\t<div class=\"elementor-widget-wrap elementor-element-populated\">\n\t\t\t\t\t\t<div class=\"elementor-element elementor-element-e062838 elementor-widget elementor-widget-text-editor\" data-id=\"e062838\" data-element_type=\"widget\" data-e-type=\"widget\" data-widget_type=\"text-editor.default\">\n\t\t\t\t<div class=\"elementor-widget-container\">\n\t\t\t\t\t\t\t\t\t<p style=\"text-align: center;\"><strong>POL\u00cdTICA DE TRATAMIENTO DE LA INFORMACI\u00d3N<\/strong><\/p><p style=\"text-align: center;\"><strong>INTRODUCCI\u00d3N<\/strong><\/p><p>Los usuarios que utilicen los diferentes portales y servicios de SERTELCON SAS, deben leer las pol\u00edticas de privacidad antes de acceder o usarlos.<\/p><p>En caso de que los clientes o proveedores de SERTELCON SAS deseen ejercer sus derechos de acceso, rectificaci\u00f3n, cancelaci\u00f3n u oposici\u00f3n, estos los podr\u00e1n ejercer en todo momento, utilizando los diferentes medios de comunicaci\u00f3n de la empresa (correo, p\u00e1gina web, tel\u00e9fono fijo y m\u00f3vil) en donde podr\u00e1n realizar su respectivo procedimiento.<\/p><p><strong>MARCO LEGAL<\/strong><\/p><p>Teniendo en cuenta lo Estipulado en el Art\u00edculo 2.2.2.25.3.1. Pol\u00edticas de Tratamiento de la informaci\u00f3n.<\/p><p>SERTELCON SAS apoya todas las acciones para cumplir con las medidas impuestas por la Ley 679 de 2001 y el Decreto 1524 de 2002 o los decretos que la modifiquen, para la prevenci\u00f3n y detecci\u00f3n de la pornograf\u00eda infantil en Internet. Por esto, se compromete a actuar dentro del marco legal y sus acciones estipuladas, para bloquear, prevenir, combatir y\/o denunciar la explotaci\u00f3n, mensajes, gr\u00e1ficos, dibujos, archivos de sonido o im\u00e1genes, fotograf\u00edas, informaci\u00f3n, grabaciones, software, archivos audiovisuales o el establecimiento de enlaces de cualquier clase, textos que contengan o induzcan de forma indirecta o directa relacionada con material pornogr\u00e1fico o alusivo a actividades sexuales de menores de edad, dentro de los recursos inform\u00e1ticos que posee SERTELCON SAS para la prestaci\u00f3n de sus servicios. El usuario que accede a los diferentes portales o servicios de SERTELCON SAS acepta que existen o pueden existir p\u00e1ginas o portales y servicios con acceso o uso restringido.<\/p><p><strong>PRESTACI\u00d3N DE SERVICIOS<\/strong><\/p><p>Est\u00e1 relacionado con los necesarios para analizar y desarrollar la factibilidad, contrataci\u00f3n, instalaci\u00f3n, ejecuci\u00f3n de servicios, mantenimientos, atenci\u00f3n al cliente, mejoramiento de servicios, planes comerciales, cumplir con la regulaci\u00f3n y la normatividad, Comisi\u00f3n de Regulaci\u00f3n de Comunicaciones\u00a0\u00a0\u00a0 y Ministerio de Tecnolog\u00edas de la Informaci\u00f3n y las Comunicaciones de Colombia<\/p><p><strong>TRATAMIENTO DE LA INFORMACI\u00d3N USUARIOS.<\/strong><\/p><p>SERTELCON SAS podr\u00e1 hacer uso de la informaci\u00f3n personal de sus usuarios para mejoramiento de sus servicios, para promoci\u00f3n de nuevos servicios, o para el estudio y optimizaci\u00f3n de los servicios actuales ofrecidos directamente SERTELCON SAS a empresas o servicios residenciales.<\/p><p>Cuando un usuario de SERTELCON SAS suministra libre y voluntariamente la informaci\u00f3n personal necesaria para realizar operaciones o transacciones comerciales, SERTELCON SAS se compromete con el cuidado y vigilancia de esta informaci\u00f3n.<\/p><p><strong>TRATAMIENTO DE LA INFORMACI\u00d3N PROVEEDORES<\/strong><\/p><p>Los proveedores al autorizar por cualquier medio el uso de su informaci\u00f3n acepta que la empresa podr\u00e1 utilizar, conservar, transferir, recolectar, almacenar, usar la informaci\u00f3n personal con el objeto de ingresar su informaci\u00f3n a una base de datos, para datos de pagos de obligaciones, reporte, entrega de informaci\u00f3n, soportes de auditor\u00edas a entidades gubernamentales.\u00a0<\/p><p><strong>TRATAMIENTO DE LA INFORMACI\u00d3N EMPLEADOS<\/strong><\/p><p>SERTELCON SAS Posee informaci\u00f3n y datos relacionados con la identificaci\u00f3n del trabajador, ex\u00e1menes de vinculaci\u00f3n, formaci\u00f3n acad\u00e9mica, experiencia laboral, direcci\u00f3n del domicilio, beneficiarios, salario, fondo de pensi\u00f3n, cesant\u00edas, riesgos profesionales, caja de compensaci\u00f3n, seguros de accidente laboral, as\u00ed como toda aquella informaci\u00f3n\u00a0\u00a0 que se debe reportar ante las entidades y autoridades nacionales y locales por mandato de ley.<\/p><p><strong>LIMITACI\u00d3N DE RESPONSABILIDADES<\/strong><\/p><p>SERTELCON SAS har\u00e1 todos los esfuerzos necesarios para darle los mejores niveles de disponibilidad, integridad, confiabilidad y seguridad a todos los servicios e informaci\u00f3n de los usuarios, proveedores y empleados, pero no garantiza que el uso de estos est\u00e9 libre de interrupciones, fallas, errores o violaciones de seguridad. Tampoco garantiza los resultados que se puedan obtener del uso de sus sitios, ni la exactitud, confiabilidad, calidad o vigencia de la informaci\u00f3n obtenida en ellos.<\/p>\t\t\t\t\t\t\t\t<\/div>\n\t\t\t\t<\/div>\n\t\t\t\t\t<\/div>\n\t\t<\/div>\n\t\t\t\t\t<\/div>\n\t\t<\/section>\n\t\t\t\t<\/div>\n\t\t","protected":false},"excerpt":{"rendered":"<p>PROTECCI\u00d3N DE DATOS PERSONALES POL\u00cdTICA DE TRATAMIENTO DE LA INFORMACI\u00d3N INTRODUCCI\u00d3N Los usuarios que utilicen los diferentes portales y servicios de SERTELCON SAS, deben leer las pol\u00edticas de privacidad antes de acceder o usarlos. En caso de que los clientes o proveedores de SERTELCON SAS deseen ejercer sus derechos de acceso, rectificaci\u00f3n, cancelaci\u00f3n u oposici\u00f3n, [&hellip;]<\/p>\n","protected":false},"author":7,"featured_media":0,"parent":24,"menu_order":0,"comment_status":"closed","ping_status":"closed","template":"","meta":{"site-sidebar-layout":"no-sidebar","site-content-layout":"","ast-site-content-layout":"full-width-container","site-content-style":"default","site-sidebar-style":"default","ast-global-header-display":"","ast-banner-title-visibility":"","ast-main-header-display":"","ast-hfb-above-header-display":"","ast-hfb-below-header-display":"","ast-hfb-mobile-header-display":"","site-post-title":"disabled","ast-breadcrumbs-content":"","ast-featured-img":"disabled","footer-sml-layout":"","ast-disable-related-posts":"","theme-transparent-header-meta":"","adv-header-id-meta":"","stick-header-meta":"","header-above-stick-meta":"","header-main-stick-meta":"","header-below-stick-meta":"","astra-migrate-meta-layouts":"default","ast-page-background-enabled":"default","ast-page-background-meta":{"desktop":{"background-color":"var(--ast-global-color-4)","background-image":"","background-repeat":"repeat","background-position":"center center","background-size":"auto","background-attachment":"scroll","background-type":"","background-media":"","overlay-type":"","overlay-color":"","overlay-opacity":"","overlay-gradient":""},"tablet":{"background-color":"","background-image":"","background-repeat":"repeat","background-position":"center center","background-size":"auto","background-attachment":"scroll","background-type":"","background-media":"","overlay-type":"","overlay-color":"","overlay-opacity":"","overlay-gradient":""},"mobile":{"background-color":"","background-image":"","background-repeat":"repeat","background-position":"center center","background-size":"auto","background-attachment":"scroll","background-type":"","background-media":"","overlay-type":"","overlay-color":"","overlay-opacity":"","overlay-gradient":""}},"ast-content-background-meta":{"desktop":{"background-color":"var(--ast-global-color-5)","background-image":"","background-repeat":"repeat","background-position":"center center","background-size":"auto","background-attachment":"scroll","background-type":"","background-media":"","overlay-type":"","overlay-color":"","overlay-opacity":"","overlay-gradient":""},"tablet":{"background-color":"var(--ast-global-color-5)","background-image":"","background-repeat":"repeat","background-position":"center center","background-size":"auto","background-attachment":"scroll","background-type":"","background-media":"","overlay-type":"","overlay-color":"","overlay-opacity":"","overlay-gradient":""},"mobile":{"background-color":"var(--ast-global-color-5)","background-image":"","background-repeat":"repeat","background-position":"center center","background-size":"auto","background-attachment":"scroll","background-type":"","background-media":"","overlay-type":"","overlay-color":"","overlay-opacity":"","overlay-gradient":""}},"_joinchat":[],"footnotes":""},"class_list":["post-28","page","type-page","status-publish","hentry"],"_links":{"self":[{"href":"https:\/\/www.sertelcon.com\/index.php?rest_route=\/wp\/v2\/pages\/28","targetHints":{"allow":["GET"]}}],"collection":[{"href":"https:\/\/www.sertelcon.com\/index.php?rest_route=\/wp\/v2\/pages"}],"about":[{"href":"https:\/\/www.sertelcon.com\/index.php?rest_route=\/wp\/v2\/types\/page"}],"author":[{"embeddable":true,"href":"https:\/\/www.sertelcon.com\/index.php?rest_route=\/wp\/v2\/users\/7"}],"replies":[{"embeddable":true,"href":"https:\/\/www.sertelcon.com\/index.php?rest_route=%2Fwp%2Fv2%2Fcomments&post=28"}],"version-history":[{"count":25,"href":"https:\/\/www.sertelcon.com\/index.php?rest_route=\/wp\/v2\/pages\/28\/revisions"}],"predecessor-version":[{"id":313,"href":"https:\/\/www.sertelcon.com\/index.php?rest_route=\/wp\/v2\/pages\/28\/revisions\/313"}],"up":[{"embeddable":true,"href":"https:\/\/www.sertelcon.com\/index.php?rest_route=\/wp\/v2\/pages\/24"}],"wp:attachment":[{"href":"https:\/\/www.sertelcon.com\/index.php?rest_route=%2Fwp%2Fv2%2Fmedia&parent=28"}],"curies":[{"name":"wp","href":"https:\/\/api.w.org\/{rel}","templated":true}]}}